{"id":551,"date":"2025-08-12T21:13:54","date_gmt":"2025-08-12T19:13:54","guid":{"rendered":"https:\/\/archers-du-roy.fr\/?page_id=551"},"modified":"2026-02-25T17:47:17","modified_gmt":"2026-02-25T16:47:17","slug":"nous-contacter","status":"publish","type":"page","link":"https:\/\/archers-du-roy.fr\/index.php\/nous-contacter\/","title":{"rendered":"Nous contacter"},"content":{"rendered":"\n<p><\/p>\n\n\n\n<hr class=\"wp-block-separator has-alpha-channel-opacity is-style-wide is-style-wide--1\"\/>\n\n\n\n<p class=\"has-text-color has-link-color wp-elements-c3d9dc508b54bef76b95bb326c5ca5b4\" style=\"color:#56beec\"><\/p>\n\n\n\n<div class=\"wp-block-group is-layout-grid wp-container-core-group-is-layout-478b6e6b wp-block-group-is-layout-grid\">\n<p><\/p>\n<\/div>\n\n\n\n<div class=\"wp-block-group has-global-padding is-layout-constrained wp-block-group-is-layout-constrained\">\n<p class=\"has-text-color has-link-color wp-elements-50e7fea5de03dd31149bd37f81d78313\" style=\"color:#56beec;line-height:0.7\"><strong>Nouvelles inscriptions \/ licences<\/strong><\/p>\n\n\n\n<p style=\"line-height:0.9\">secretaire@archers-du-roy.fr<br><br><br><\/p>\n\n\n\n<p><strong>Nous suivre sur Facebook :<\/strong><\/p>\n\n\n\n<p><a href=\"https:\/\/www.facebook.com\/share\/1FXXJB3Ajo\">https:\/\/www.facebook.com\/share\/1FXXJB3Ajo<\/a><\/p>\n<\/div>\n\n\n\n<div class=\"wp-block-group has-global-padding is-layout-constrained wp-block-group-is-layout-constrained\">\n<div class=\"wp-block-group has-global-padding is-layout-constrained wp-block-group-is-layout-constrained\">\n<div class=\"wp-block-group has-global-padding is-layout-constrained wp-block-group-is-layout-constrained\">\n<div class=\"wp-block-group has-global-padding is-layout-constrained wp-block-group-is-layout-constrained\">\n<div class=\"wp-block-group has-global-padding is-layout-constrained wp-block-group-is-layout-constrained\">\n<div class=\"wp-block-group has-global-padding is-layout-constrained wp-block-group-is-layout-constrained\">\n<div class=\"wp-block-group has-global-padding is-layout-constrained wp-block-group-is-layout-constrained\">\n<div class=\"wp-block-group has-global-padding is-layout-constrained wp-block-group-is-layout-constrained\">\n<p class=\"has-text-color has-link-color wp-elements-e7ebbc3aa78c701e472da43c2bd80490\" style=\"color:#56beec\"><br><strong>Pr\u00e9sident<\/strong> : Laurent LUCCHETA<\/p>\n\n\n\n<div class=\"wp-block-group has-global-padding is-layout-constrained wp-block-group-is-layout-constrained\">\n<p class=\"has-contrast-color has-text-color has-link-color wp-elements-e1230c491d7e8f4cae37afdeb65e83be\" style=\"line-height:0.4\">06.82.83.37.08<\/p>\n<\/div>\n\n\n\n<p class=\"has-contrast-color has-text-color has-link-color wp-elements-cd43d86adca35a265b1a80665d1693a0\" style=\"line-height:0.4\">president@archers-du-roy.fr<\/p>\n<\/div>\n<\/div>\n<\/div>\n<\/div>\n<\/div>\n<\/div>\n<\/div>\n<\/div>\n\n\n\n<p><br><\/p>\n\n\n\n<p class=\"has-text-color has-link-color wp-elements-027cb2b2dd0bbc1b5a74b3ef4ac78be4\" style=\"color:#6d0480\"><\/p>\n\n\n\n<p><\/p>\n\n\n\n<div class=\"wp-block-group has-global-padding is-layout-constrained wp-block-group-is-layout-constrained\">\n<p class=\"has-text-color has-link-color wp-elements-8ed0d34d4452f171449e8c9a7595f0d3\" style=\"color:#56beec;line-height:0.9\"><strong>Secr\u00e9taire<\/strong> : Georges MERMET<\/p>\n\n\n\n<p class=\"has-contrast-color has-text-color has-link-color wp-elements-da9ca1406954098186ceaf26b988646a\" style=\"line-height:0.4\">06.29.24.31.59 <\/p>\n\n\n\n<p class=\"has-contrast-color has-text-color has-link-color wp-elements-a7e76f940751463945678a81c5a36082\" style=\"line-height:0.4\">secretaire@archers-du-roy.fr<\/p>\n<\/div>\n\n\n\n<p class=\"is-style-text-display has-medium-font-size is-style-text-display--2\"><br><\/p>\n\n\n\n<div class=\"wp-block-group has-global-padding is-layout-constrained wp-block-group-is-layout-constrained\">\n<p><\/p>\n\n\n\n<div class=\"wp-block-group has-global-padding is-layout-constrained wp-block-group-is-layout-constrained\">\n<p class=\"has-text-color has-link-color wp-elements-defb7e5646b779d38aebe712cbb669b8\" style=\"color:#56beec\"><strong>Adresse postale<\/strong><\/p>\n\n\n\n<p style=\"line-height:0.4\">Immeuble Phoenix<\/p>\n\n\n\n<p style=\"line-height:0.4\">60 avenue G\u00e9n\u00e9ral Sarrail<\/p>\n\n\n\n<p style=\"line-height:0.4\">01500 AMBERIEU EN BUGEY<\/p>\n<\/div>\n<\/div>\n\n\n\n<h2 class=\"wp-block-heading\"><\/h2>\n\n\n\n<h1 class=\"wp-block-heading alignwide\"><\/h1>\n\n\n\n<hr class=\"wp-block-separator has-alpha-channel-opacity is-style-wide is-style-wide--3\"\/>\n\n\n\n<p><\/p>\n\n\n\n<p><\/p>\n","protected":false},"excerpt":{"rendered":"<p>Nouvelles inscriptions \/ licences secretaire@archers-du-roy.fr Nous suivre sur Facebook : https:\/\/www.facebook.com\/share\/1FXXJB3Ajo Pr\u00e9sident : Laurent LUCCHETA 06.82.83.37.08 president@archers-du-roy.fr Secr\u00e9taire : Georges MERMET 06.29.24.31.59 secretaire@archers-du-roy.fr Adresse postale Immeuble Phoenix 60 avenue G\u00e9n\u00e9ral Sarrail 01500 AMBERIEU EN BUGEY<\/p>\n","protected":false},"author":1,"featured_media":0,"parent":0,"menu_order":0,"comment_status":"closed","ping_status":"closed","template":"","meta":{"footnotes":""},"class_list":["post-551","page","type-page","status-publish","hentry"],"_links":{"self":[{"href":"https:\/\/archers-du-roy.fr\/index.php\/wp-json\/wp\/v2\/pages\/551","targetHints":{"allow":["GET"]}}],"collection":[{"href":"https:\/\/archers-du-roy.fr\/index.php\/wp-json\/wp\/v2\/pages"}],"about":[{"href":"https:\/\/archers-du-roy.fr\/index.php\/wp-json\/wp\/v2\/types\/page"}],"author":[{"embeddable":true,"href":"https:\/\/archers-du-roy.fr\/index.php\/wp-json\/wp\/v2\/users\/1"}],"replies":[{"embeddable":true,"href":"https:\/\/archers-du-roy.fr\/index.php\/wp-json\/wp\/v2\/comments?post=551"}],"version-history":[{"count":21,"href":"https:\/\/archers-du-roy.fr\/index.php\/wp-json\/wp\/v2\/pages\/551\/revisions"}],"predecessor-version":[{"id":672,"href":"https:\/\/archers-du-roy.fr\/index.php\/wp-json\/wp\/v2\/pages\/551\/revisions\/672"}],"wp:attachment":[{"href":"https:\/\/archers-du-roy.fr\/index.php\/wp-json\/wp\/v2\/media?parent=551"}],"curies":[{"name":"wp","href":"https:\/\/api.w.org\/{rel}","templated":true}]}}