{"id":43,"date":"2025-05-18T18:24:40","date_gmt":"2025-05-18T16:24:40","guid":{"rendered":"http:\/\/archer-du-roy.local\/?page_id=43"},"modified":"2025-10-20T13:54:15","modified_gmt":"2025-10-20T11:54:15","slug":"entrainements","status":"publish","type":"page","link":"https:\/\/archers-du-roy.fr\/index.php\/entrainements\/","title":{"rendered":""},"content":{"rendered":"\n<div class=\"wp-block-group alignwide is-layout-flow wp-block-group-is-layout-flow\">\n<div class=\"wp-block-columns is-layout-flex wp-container-core-columns-is-layout-28f84493 wp-block-columns-is-layout-flex\">\n<div class=\"wp-block-column is-layout-flow wp-block-column-is-layout-flow\" style=\"flex-basis:100%\">\n<div class=\"wp-block-media-text is-stacked-on-mobile is-image-fill-element has-background\" style=\"border-style:none;border-width:0px;border-radius:0px;background-color:#071861;margin-top:0;margin-right:0;margin-bottom:0;margin-left:0;grid-template-columns:75% auto\"><figure class=\"wp-block-media-text__media\"><img loading=\"lazy\" decoding=\"async\" width=\"1024\" height=\"285\" src=\"https:\/\/archers-du-roy.fr\/wp-content\/uploads\/2025\/07\/image-5-e1755451877433-1024x285.png\" alt=\"\" class=\"wp-image-455 size-full\" style=\"object-position:50% 50%\" srcset=\"https:\/\/archers-du-roy.fr\/wp-content\/uploads\/2025\/07\/image-5-e1755451877433-1024x285.png 1024w, https:\/\/archers-du-roy.fr\/wp-content\/uploads\/2025\/07\/image-5-e1755451877433-300x83.png 300w, https:\/\/archers-du-roy.fr\/wp-content\/uploads\/2025\/07\/image-5-e1755451877433-768x214.png 768w, https:\/\/archers-du-roy.fr\/wp-content\/uploads\/2025\/07\/image-5-e1755451877433.png 1078w\" sizes=\"auto, (max-width: 1024px) 100vw, 1024px\" \/><\/figure><div class=\"wp-block-media-text__content\">\n<p class=\"has-text-align-center has-base-color has-text-color has-link-color has-large-font-size wp-elements-03585ab62eb5bd26d45cb030b24181a1\"><a href=\"https:\/\/archers-du-roy.fr\/index.php\/accueil\/\" data-type=\"page\" data-id=\"32\">Accueil<\/a><a href=\"https:\/\/archers-du-roy.fr\/index.php\/accueil\/entrainements\/\" data-type=\"page\" data-id=\"43\"> <\/a><\/p>\n\n\n\n<p class=\"has-text-align-center has-base-color has-text-color has-link-color has-large-font-size wp-elements-1357bd73ca68659d6af4e9dd93cff9d3\"><a href=\"https:\/\/archers-du-roy.fr\/index.php\/accueil\/entrainements\/\" data-type=\"page\" data-id=\"43\">Entrainements<\/a><\/p>\n\n\n\n<p class=\"has-text-align-center has-base-color has-text-color has-link-color has-large-font-size wp-elements-20bb75cbdb86636367a39eba70964328\"><a href=\"https:\/\/archers-du-roy.fr\/index.php\/calendrier\/\" data-type=\"page\" data-id=\"38\">Calendrier saison 2025-2026<\/a><\/p>\n\n\n\n<p class=\"has-text-align-center has-base-color has-text-color has-link-color has-large-font-size wp-elements-4e074f79ea2988ff26e82811d59a770d\"><a href=\"https:\/\/archers-du-roy.fr\/index.php\/accueil\/inscriptions\/\" data-type=\"page\" data-id=\"25\">Inscriptions<\/a><\/p>\n\n\n\n<p class=\"has-text-align-center has-base-color has-text-color has-link-color has-large-font-size wp-elements-ffaed11118978dbbc530e57b1d868460\"><a href=\"https:\/\/archers-du-roy.fr\/index.php\/nous-contacter\/\" data-type=\"page\" data-id=\"551\">Nous contacter<\/a><\/p>\n\n\n\n<p class=\"has-base-color has-text-color has-link-color wp-elements-93bce5c405dbd3827ae0a662cc721a35\"><\/p>\n\n\n\n<p><\/p>\n<\/div><\/div>\n<\/div>\n<\/div>\n<\/div>\n\n\n\n<div class=\"wp-block-group is-nowrap is-layout-flex wp-container-core-group-is-layout-6c531013 wp-block-group-is-layout-flex\">\n<h1 class=\"wp-block-heading\">Entrainements<\/h1>\n\n\n\n<p class=\"is-style-text-annotation is-style-text-annotation--1\">\/<\/p>\n<\/div>\n\n\n\n<hr class=\"wp-block-separator has-alpha-channel-opacity is-style-wide is-style-wide--2\"\/>\n\n\n\n<p class=\"has-text-color has-link-color wp-elements-cfea7a4a014732be5523bd431706e5df\" style=\"color:#56beec\"><strong>Horaires<\/strong><\/p>\n\n\n\n<div class=\"wp-block-group is-layout-grid wp-container-core-group-is-layout-478b6e6b wp-block-group-is-layout-grid\"><\/div>\n\n\n\n<div class=\"wp-block-group has-global-padding is-layout-constrained wp-block-group-is-layout-constrained\">\n<p class=\"has-text-color has-link-color wp-elements-75e75ed6b953029fb36917841249f377\" style=\"color:#6d0480\"><strong>Entra\u00eenements d\u00e9butants<\/strong><\/p>\n\n\n\n<p><strong>Mercredi :<\/strong> 18h &#8211; 20h30<br><strong>Vendredi<\/strong> : 18h15 &#8211; 20h30<\/p>\n<\/div>\n\n\n\n<div class=\"wp-block-group has-global-padding is-layout-constrained wp-block-group-is-layout-constrained\">\n<p class=\"has-text-color has-link-color wp-elements-609c438545a04dbd12d7a31c376a08da\" style=\"color:#6d0480\"><br><strong>Confirm\u00e9s &#8211; Entra\u00eenements libres :<\/strong><\/p>\n\n\n\n<p><strong>Lundi et jeudi :<\/strong> 18h15 &#8211; 20h<\/p>\n<\/div>\n\n\n\n<p><\/p>\n\n\n\n<p><\/p>\n\n\n\n<h2 class=\"wp-block-heading\"><\/h2>\n\n\n\n<h1 class=\"wp-block-heading alignwide\"><\/h1>\n\n\n\n<hr class=\"wp-block-separator has-alpha-channel-opacity is-style-wide is-style-wide--3\"\/>\n\n\n\n<p class=\"has-text-color has-link-color wp-elements-f85401ff6c38279d2a7a58397d0535cb\" style=\"color:#56beec\"><strong>Gymnase de la Plaine de l&rsquo;Ain<\/strong><\/p>\n\n\n\n<p><\/p>\n\n\n\n<div class=\"wp-block-group has-global-padding is-layout-constrained wp-block-group-is-layout-constrained\">\n<div class=\"wp-block-group is-vertical is-nowrap is-layout-flex wp-container-core-group-is-layout-3655d5c7 wp-block-group-is-layout-flex\">\n<div class=\"wp-block-group has-global-padding is-layout-constrained wp-block-group-is-layout-constrained\">\n<div class=\"wp-block-group has-global-padding is-layout-constrained wp-block-group-is-layout-constrained\">\n<p><strong>Distance de tir :<\/strong> jusqu&rsquo;\u00e0 30 m\u00e8tres.<br><strong>P\u00e9riode :<\/strong>\u00a0Septembre \u00e0 Juin<\/p>\n<\/div>\n<\/div>\n<\/div>\n<\/div>\n\n\n\n<figure class=\"wp-block-gallery has-nested-images columns-2 is-cropped wp-block-gallery-4 is-layout-flex wp-block-gallery-is-layout-flex\">\n<figure class=\"wp-block-image size-full\"><img loading=\"lazy\" decoding=\"async\" width=\"1800\" height=\"811\" data-id=\"463\" src=\"https:\/\/archers-du-roy.fr\/wp-content\/uploads\/2025\/08\/lieu-gymnase-plaine-de-l-ain-2021-01.jpg\" alt=\"\" class=\"wp-image-463\" srcset=\"https:\/\/archers-du-roy.fr\/wp-content\/uploads\/2025\/08\/lieu-gymnase-plaine-de-l-ain-2021-01.jpg 1800w, https:\/\/archers-du-roy.fr\/wp-content\/uploads\/2025\/08\/lieu-gymnase-plaine-de-l-ain-2021-01-300x135.jpg 300w, https:\/\/archers-du-roy.fr\/wp-content\/uploads\/2025\/08\/lieu-gymnase-plaine-de-l-ain-2021-01-1024x461.jpg 1024w, https:\/\/archers-du-roy.fr\/wp-content\/uploads\/2025\/08\/lieu-gymnase-plaine-de-l-ain-2021-01-768x346.jpg 768w, https:\/\/archers-du-roy.fr\/wp-content\/uploads\/2025\/08\/lieu-gymnase-plaine-de-l-ain-2021-01-1536x692.jpg 1536w\" sizes=\"auto, (max-width: 1800px) 100vw, 1800px\" \/><\/figure>\n\n\n\n<figure class=\"wp-block-image size-full\"><img loading=\"lazy\" decoding=\"async\" width=\"1800\" height=\"811\" data-id=\"464\" src=\"https:\/\/archers-du-roy.fr\/wp-content\/uploads\/2025\/08\/lieu-gymnase-plaine-de-l-ain-2021-02.jpg\" alt=\"\" class=\"wp-image-464\" srcset=\"https:\/\/archers-du-roy.fr\/wp-content\/uploads\/2025\/08\/lieu-gymnase-plaine-de-l-ain-2021-02.jpg 1800w, https:\/\/archers-du-roy.fr\/wp-content\/uploads\/2025\/08\/lieu-gymnase-plaine-de-l-ain-2021-02-300x135.jpg 300w, https:\/\/archers-du-roy.fr\/wp-content\/uploads\/2025\/08\/lieu-gymnase-plaine-de-l-ain-2021-02-1024x461.jpg 1024w, https:\/\/archers-du-roy.fr\/wp-content\/uploads\/2025\/08\/lieu-gymnase-plaine-de-l-ain-2021-02-768x346.jpg 768w, https:\/\/archers-du-roy.fr\/wp-content\/uploads\/2025\/08\/lieu-gymnase-plaine-de-l-ain-2021-02-1536x692.jpg 1536w\" sizes=\"auto, (max-width: 1800px) 100vw, 1800px\" \/><\/figure>\n\n\n\n<figure class=\"wp-block-image size-full\"><img loading=\"lazy\" decoding=\"async\" width=\"1800\" height=\"811\" data-id=\"465\" src=\"https:\/\/archers-du-roy.fr\/wp-content\/uploads\/2025\/08\/lieu-gymnase-plaine-de-l-ain-2021-03.jpg\" alt=\"\" class=\"wp-image-465\" srcset=\"https:\/\/archers-du-roy.fr\/wp-content\/uploads\/2025\/08\/lieu-gymnase-plaine-de-l-ain-2021-03.jpg 1800w, https:\/\/archers-du-roy.fr\/wp-content\/uploads\/2025\/08\/lieu-gymnase-plaine-de-l-ain-2021-03-300x135.jpg 300w, https:\/\/archers-du-roy.fr\/wp-content\/uploads\/2025\/08\/lieu-gymnase-plaine-de-l-ain-2021-03-1024x461.jpg 1024w, https:\/\/archers-du-roy.fr\/wp-content\/uploads\/2025\/08\/lieu-gymnase-plaine-de-l-ain-2021-03-768x346.jpg 768w, https:\/\/archers-du-roy.fr\/wp-content\/uploads\/2025\/08\/lieu-gymnase-plaine-de-l-ain-2021-03-1536x692.jpg 1536w\" sizes=\"auto, (max-width: 1800px) 100vw, 1800px\" \/><\/figure>\n\n\n\n<figure class=\"wp-block-image size-full\"><img loading=\"lazy\" decoding=\"async\" width=\"1800\" height=\"811\" data-id=\"468\" src=\"https:\/\/archers-du-roy.fr\/wp-content\/uploads\/2025\/08\/lieu-gymnase-plaine-de-l-ain-2021-06.jpg\" alt=\"\" class=\"wp-image-468\" srcset=\"https:\/\/archers-du-roy.fr\/wp-content\/uploads\/2025\/08\/lieu-gymnase-plaine-de-l-ain-2021-06.jpg 1800w, https:\/\/archers-du-roy.fr\/wp-content\/uploads\/2025\/08\/lieu-gymnase-plaine-de-l-ain-2021-06-300x135.jpg 300w, https:\/\/archers-du-roy.fr\/wp-content\/uploads\/2025\/08\/lieu-gymnase-plaine-de-l-ain-2021-06-1024x461.jpg 1024w, https:\/\/archers-du-roy.fr\/wp-content\/uploads\/2025\/08\/lieu-gymnase-plaine-de-l-ain-2021-06-768x346.jpg 768w, https:\/\/archers-du-roy.fr\/wp-content\/uploads\/2025\/08\/lieu-gymnase-plaine-de-l-ain-2021-06-1536x692.jpg 1536w\" sizes=\"auto, (max-width: 1800px) 100vw, 1800px\" \/><\/figure>\n\n\n\n<figure class=\"wp-block-image size-full\"><img loading=\"lazy\" decoding=\"async\" width=\"1600\" height=\"1200\" data-id=\"662\" src=\"https:\/\/archers-du-roy.fr\/wp-content\/uploads\/2025\/10\/IMG-20250911-WA0003.jpg\" alt=\"\" class=\"wp-image-662\" srcset=\"https:\/\/archers-du-roy.fr\/wp-content\/uploads\/2025\/10\/IMG-20250911-WA0003.jpg 1600w, https:\/\/archers-du-roy.fr\/wp-content\/uploads\/2025\/10\/IMG-20250911-WA0003-300x225.jpg 300w, https:\/\/archers-du-roy.fr\/wp-content\/uploads\/2025\/10\/IMG-20250911-WA0003-1024x768.jpg 1024w, https:\/\/archers-du-roy.fr\/wp-content\/uploads\/2025\/10\/IMG-20250911-WA0003-768x576.jpg 768w, https:\/\/archers-du-roy.fr\/wp-content\/uploads\/2025\/10\/IMG-20250911-WA0003-1536x1152.jpg 1536w\" sizes=\"auto, (max-width: 1600px) 100vw, 1600px\" \/><\/figure>\n\n\n\n<figure class=\"wp-block-image size-full\"><img loading=\"lazy\" decoding=\"async\" width=\"1800\" height=\"811\" data-id=\"467\" src=\"https:\/\/archers-du-roy.fr\/wp-content\/uploads\/2025\/08\/lieu-gymnase-plaine-de-l-ain-2021-05.jpg\" alt=\"\" class=\"wp-image-467\" srcset=\"https:\/\/archers-du-roy.fr\/wp-content\/uploads\/2025\/08\/lieu-gymnase-plaine-de-l-ain-2021-05.jpg 1800w, https:\/\/archers-du-roy.fr\/wp-content\/uploads\/2025\/08\/lieu-gymnase-plaine-de-l-ain-2021-05-300x135.jpg 300w, https:\/\/archers-du-roy.fr\/wp-content\/uploads\/2025\/08\/lieu-gymnase-plaine-de-l-ain-2021-05-1024x461.jpg 1024w, https:\/\/archers-du-roy.fr\/wp-content\/uploads\/2025\/08\/lieu-gymnase-plaine-de-l-ain-2021-05-768x346.jpg 768w, https:\/\/archers-du-roy.fr\/wp-content\/uploads\/2025\/08\/lieu-gymnase-plaine-de-l-ain-2021-05-1536x692.jpg 1536w\" sizes=\"auto, (max-width: 1800px) 100vw, 1800px\" \/><\/figure>\n<\/figure>\n\n\n\n<p>Situ\u00e9 derri\u00e8re l&rsquo;Espace 1500, ce lieu d&rsquo;entrainement est \u00e9quip\u00e9 de 12 cibles, et nous permet d&rsquo;accueillir 24 archers simultan\u00e9ment. <\/p>\n\n\n\n<p>Suivant les jours d&rsquo;entrainement, nous accueillons \u00e0 la fois un groupe de d\u00e9butants et un groupe de comp\u00e9titeurs simultan\u00e9ment ou non. <\/p>\n\n\n\n<p><\/p>\n\n\n\n<div class=\"wp-block-group alignwide is-vertical is-content-justification-center is-layout-flex wp-container-core-group-is-layout-e4cf8e9e wp-block-group-is-layout-flex\" style=\"padding-right:0;padding-left:0\">\n<div class=\"wp-block-gmap-gmap-block gmap-block-rgdc7r34\"><iframe src=\"https:\/\/maps.google.com\/maps?q=Les+Archers+du+Roy%2C+Rue+du+Savoir%2C+01500+Amb%C3%A9rieu-en-Bugey%2C+France&amp;z=14&amp;t=roadmap&amp;output=embed\" class=\"embd-map\" title=\"Les Archers du Roy, Rue du Savoir, 01500 Amb\u00e9rieu-en-Bugey, France\"><\/iframe><\/div>\n<\/div>\n\n\n\n<div class=\"wp-block-columns is-layout-flex wp-container-core-columns-is-layout-28f84493 wp-block-columns-is-layout-flex\">\n<div class=\"wp-block-column is-layout-flow wp-block-column-is-layout-flow\" style=\"flex-basis:100%\">\n<h2 class=\"wp-block-heading\"><\/h2>\n<\/div>\n<\/div>\n\n\n\n<h1 class=\"wp-block-heading alignwide\"><\/h1>\n\n\n\n<p><\/p>\n\n\n\n<p><strong><mark style=\"background-color:rgba(0, 0, 0, 0);color:#56beec\" class=\"has-inline-color\">Terrain ext\u00e9rieur<\/mark><\/strong> <\/p>\n\n\n\n<p><\/p>\n\n\n\n<p><strong>Distance de tir :<\/strong> jusqu&rsquo;\u00e0 70 m\u00e8tres.<br><strong>P\u00e9riode :<\/strong>\u00a0D\u00e9but Avril \u00e0 Fin Juin<\/p>\n\n\n\n<figure class=\"wp-block-gallery has-nested-images columns-2 is-cropped wp-block-gallery-5 is-layout-flex wp-block-gallery-is-layout-flex\">\n<figure class=\"wp-block-image size-medium\"><img loading=\"lazy\" decoding=\"async\" width=\"300\" height=\"225\" data-id=\"660\" src=\"https:\/\/archers-du-roy.fr\/wp-content\/uploads\/2025\/10\/1000014093-300x225.jpg\" alt=\"\" class=\"wp-image-660\" srcset=\"https:\/\/archers-du-roy.fr\/wp-content\/uploads\/2025\/10\/1000014093-300x225.jpg 300w, https:\/\/archers-du-roy.fr\/wp-content\/uploads\/2025\/10\/1000014093-1024x768.jpg 1024w, https:\/\/archers-du-roy.fr\/wp-content\/uploads\/2025\/10\/1000014093-768x576.jpg 768w, https:\/\/archers-du-roy.fr\/wp-content\/uploads\/2025\/10\/1000014093-1536x1152.jpg 1536w, https:\/\/archers-du-roy.fr\/wp-content\/uploads\/2025\/10\/1000014093.jpg 2000w\" sizes=\"auto, (max-width: 300px) 100vw, 300px\" \/><\/figure>\n\n\n\n<figure class=\"wp-block-image size-medium\"><img loading=\"lazy\" decoding=\"async\" width=\"300\" height=\"225\" data-id=\"471\" src=\"https:\/\/archers-du-roy.fr\/wp-content\/uploads\/2025\/08\/lieu-terrain-exterieur-chateau-gaillard-04-300x225.jpg\" alt=\"\" class=\"wp-image-471\" srcset=\"https:\/\/archers-du-roy.fr\/wp-content\/uploads\/2025\/08\/lieu-terrain-exterieur-chateau-gaillard-04-300x225.jpg 300w, https:\/\/archers-du-roy.fr\/wp-content\/uploads\/2025\/08\/lieu-terrain-exterieur-chateau-gaillard-04-768x576.jpg 768w, https:\/\/archers-du-roy.fr\/wp-content\/uploads\/2025\/08\/lieu-terrain-exterieur-chateau-gaillard-04.jpg 1024w\" sizes=\"auto, (max-width: 300px) 100vw, 300px\" \/><\/figure>\n\n\n\n<figure class=\"wp-block-image size-medium\"><img loading=\"lazy\" decoding=\"async\" width=\"300\" height=\"169\" data-id=\"661\" src=\"https:\/\/archers-du-roy.fr\/wp-content\/uploads\/2025\/10\/1000014094-300x169.jpg\" alt=\"\" class=\"wp-image-661\" srcset=\"https:\/\/archers-du-roy.fr\/wp-content\/uploads\/2025\/10\/1000014094-300x169.jpg 300w, https:\/\/archers-du-roy.fr\/wp-content\/uploads\/2025\/10\/1000014094-1024x576.jpg 1024w, https:\/\/archers-du-roy.fr\/wp-content\/uploads\/2025\/10\/1000014094-768x432.jpg 768w, https:\/\/archers-du-roy.fr\/wp-content\/uploads\/2025\/10\/1000014094-1536x864.jpg 1536w, https:\/\/archers-du-roy.fr\/wp-content\/uploads\/2025\/10\/1000014094.jpg 2016w\" sizes=\"auto, (max-width: 300px) 100vw, 300px\" \/><\/figure>\n\n\n\n<figure class=\"wp-block-image size-medium\"><img loading=\"lazy\" decoding=\"async\" width=\"300\" height=\"225\" data-id=\"472\" src=\"https:\/\/archers-du-roy.fr\/wp-content\/uploads\/2025\/08\/lieu-terrain-exterieur-chateau-gaillard-03-300x225.jpg\" alt=\"\" class=\"wp-image-472\" srcset=\"https:\/\/archers-du-roy.fr\/wp-content\/uploads\/2025\/08\/lieu-terrain-exterieur-chateau-gaillard-03-300x225.jpg 300w, https:\/\/archers-du-roy.fr\/wp-content\/uploads\/2025\/08\/lieu-terrain-exterieur-chateau-gaillard-03-768x576.jpg 768w, https:\/\/archers-du-roy.fr\/wp-content\/uploads\/2025\/08\/lieu-terrain-exterieur-chateau-gaillard-03.jpg 1024w\" sizes=\"auto, (max-width: 300px) 100vw, 300px\" \/><\/figure>\n\n\n\n<figure class=\"wp-block-image size-medium\"><img loading=\"lazy\" decoding=\"async\" width=\"225\" height=\"300\" data-id=\"664\" src=\"https:\/\/archers-du-roy.fr\/wp-content\/uploads\/2025\/10\/IMG-20250913-WA0001-225x300.jpg\" alt=\"\" class=\"wp-image-664\" srcset=\"https:\/\/archers-du-roy.fr\/wp-content\/uploads\/2025\/10\/IMG-20250913-WA0001-225x300.jpg 225w, https:\/\/archers-du-roy.fr\/wp-content\/uploads\/2025\/10\/IMG-20250913-WA0001-768x1024.jpg 768w, https:\/\/archers-du-roy.fr\/wp-content\/uploads\/2025\/10\/IMG-20250913-WA0001-1152x1536.jpg 1152w, https:\/\/archers-du-roy.fr\/wp-content\/uploads\/2025\/10\/IMG-20250913-WA0001.jpg 1530w\" sizes=\"auto, (max-width: 225px) 100vw, 225px\" \/><\/figure>\n\n\n\n<figure class=\"wp-block-image size-medium\"><img loading=\"lazy\" decoding=\"async\" width=\"300\" height=\"199\" data-id=\"474\" src=\"https:\/\/archers-du-roy.fr\/wp-content\/uploads\/2025\/08\/lieu-terrain-exterieur-chateau-gaillard-06-300x199.jpg\" alt=\"\" class=\"wp-image-474\" srcset=\"https:\/\/archers-du-roy.fr\/wp-content\/uploads\/2025\/08\/lieu-terrain-exterieur-chateau-gaillard-06-300x199.jpg 300w, https:\/\/archers-du-roy.fr\/wp-content\/uploads\/2025\/08\/lieu-terrain-exterieur-chateau-gaillard-06-768x509.jpg 768w, https:\/\/archers-du-roy.fr\/wp-content\/uploads\/2025\/08\/lieu-terrain-exterieur-chateau-gaillard-06.jpg 1024w\" sizes=\"auto, (max-width: 300px) 100vw, 300px\" \/><\/figure>\n<\/figure>\n\n\n\n<p><\/p>\n\n\n\n<p>Notre terrain de tir est situ\u00e9 sur la commune de Chateau Gaillard face \u00e0 la P\u00e9pini\u00e8re.&nbsp;<\/p>\n\n\n\n<p><\/p>\n\n\n\n<figure class=\"wp-block-image size-full\"><img loading=\"lazy\" decoding=\"async\" width=\"832\" height=\"553\" src=\"https:\/\/archers-du-roy.fr\/wp-content\/uploads\/2025\/08\/Archers-du-Roy-Localisation.png\" alt=\"\" class=\"wp-image-532\" srcset=\"https:\/\/archers-du-roy.fr\/wp-content\/uploads\/2025\/08\/Archers-du-Roy-Localisation.png 832w, https:\/\/archers-du-roy.fr\/wp-content\/uploads\/2025\/08\/Archers-du-Roy-Localisation-300x199.png 300w, https:\/\/archers-du-roy.fr\/wp-content\/uploads\/2025\/08\/Archers-du-Roy-Localisation-768x510.png 768w\" sizes=\"auto, (max-width: 832px) 100vw, 832px\" \/><\/figure>\n\n\n\n<div class=\"wp-block-group is-vertical is-content-justification-stretch is-layout-flex wp-container-core-group-is-layout-887de842 wp-block-group-is-layout-flex\"><\/div>\n\n\n\n<p><\/p>\n","protected":false},"excerpt":{"rendered":"<p>Accueil Entrainements Calendrier saison 2025-2026 Inscriptions Nous contacter Entrainements \/ Horaires Entra\u00eenements d\u00e9butants Mercredi : 18h &#8211; 20h30Vendredi : 18h15 &#8211; 20h30 Confirm\u00e9s &#8211; Entra\u00eenements libres : Lundi et jeudi : 18h15 &#8211; 20h Gymnase de la Plaine de l&rsquo;Ain Distance de tir : jusqu&rsquo;\u00e0 30 m\u00e8tres.P\u00e9riode :\u00a0Septembre \u00e0 Juin Situ\u00e9 derri\u00e8re l&rsquo;Espace 1500, ce [&hellip;]<\/p>\n","protected":false},"author":1,"featured_media":0,"parent":0,"menu_order":0,"comment_status":"closed","ping_status":"closed","template":"","meta":{"footnotes":""},"class_list":["post-43","page","type-page","status-publish","hentry"],"_links":{"self":[{"href":"https:\/\/archers-du-roy.fr\/index.php\/wp-json\/wp\/v2\/pages\/43","targetHints":{"allow":["GET"]}}],"collection":[{"href":"https:\/\/archers-du-roy.fr\/index.php\/wp-json\/wp\/v2\/pages"}],"about":[{"href":"https:\/\/archers-du-roy.fr\/index.php\/wp-json\/wp\/v2\/types\/page"}],"author":[{"embeddable":true,"href":"https:\/\/archers-du-roy.fr\/index.php\/wp-json\/wp\/v2\/users\/1"}],"replies":[{"embeddable":true,"href":"https:\/\/archers-du-roy.fr\/index.php\/wp-json\/wp\/v2\/comments?post=43"}],"version-history":[{"count":32,"href":"https:\/\/archers-du-roy.fr\/index.php\/wp-json\/wp\/v2\/pages\/43\/revisions"}],"predecessor-version":[{"id":665,"href":"https:\/\/archers-du-roy.fr\/index.php\/wp-json\/wp\/v2\/pages\/43\/revisions\/665"}],"wp:attachment":[{"href":"https:\/\/archers-du-roy.fr\/index.php\/wp-json\/wp\/v2\/media?parent=43"}],"curies":[{"name":"wp","href":"https:\/\/api.w.org\/{rel}","templated":true}]}}