{"id":38,"date":"2025-05-18T18:03:24","date_gmt":"2025-05-18T16:03:24","guid":{"rendered":"http:\/\/archer-du-roy.local\/?page_id=38"},"modified":"2025-10-19T12:09:07","modified_gmt":"2025-10-19T10:09:07","slug":"calendrier","status":"publish","type":"page","link":"https:\/\/archers-du-roy.fr\/index.php\/calendrier\/","title":{"rendered":"Calendrier saison 2025-2026"},"content":{"rendered":"\n<div class=\"wp-block-group alignfull is-layout-flow wp-block-group-is-layout-flow\">\n<div class=\"wp-block-columns is-layout-flex wp-container-core-columns-is-layout-28f84493 wp-block-columns-is-layout-flex\">\n<div class=\"wp-block-column is-layout-flow wp-block-column-is-layout-flow\" style=\"flex-basis:100%\">\n<div class=\"wp-block-media-text is-stacked-on-mobile is-image-fill-element has-background\" style=\"border-style:none;border-width:0px;border-radius:0px;background-color:#071861;margin-top:0;margin-right:0;margin-bottom:0;margin-left:0;grid-template-columns:75% auto\"><figure class=\"wp-block-media-text__media\"><img loading=\"lazy\" decoding=\"async\" width=\"1024\" height=\"285\" src=\"https:\/\/archers-du-roy.fr\/wp-content\/uploads\/2025\/07\/image-5-e1755451877433-1024x285.png\" alt=\"\" class=\"wp-image-455 size-full\" style=\"object-position:50% 50%\" srcset=\"https:\/\/archers-du-roy.fr\/wp-content\/uploads\/2025\/07\/image-5-e1755451877433-1024x285.png 1024w, https:\/\/archers-du-roy.fr\/wp-content\/uploads\/2025\/07\/image-5-e1755451877433-300x83.png 300w, https:\/\/archers-du-roy.fr\/wp-content\/uploads\/2025\/07\/image-5-e1755451877433-768x214.png 768w, https:\/\/archers-du-roy.fr\/wp-content\/uploads\/2025\/07\/image-5-e1755451877433.png 1078w\" sizes=\"auto, (max-width: 1024px) 100vw, 1024px\" \/><\/figure><div class=\"wp-block-media-text__content\">\n<p class=\"has-text-align-center has-base-color has-text-color has-link-color has-large-font-size wp-elements-03585ab62eb5bd26d45cb030b24181a1\"><a href=\"https:\/\/archers-du-roy.fr\/index.php\/accueil\/\" data-type=\"page\" data-id=\"32\">Accueil<\/a><a href=\"https:\/\/archers-du-roy.fr\/index.php\/accueil\/entrainements\/\" data-type=\"page\" data-id=\"43\"> <\/a><\/p>\n\n\n\n<p class=\"has-text-align-center has-base-color has-text-color has-link-color has-large-font-size wp-elements-1357bd73ca68659d6af4e9dd93cff9d3\"><a href=\"https:\/\/archers-du-roy.fr\/index.php\/accueil\/entrainements\/\" data-type=\"page\" data-id=\"43\">Entrainements<\/a><\/p>\n\n\n\n<p class=\"has-text-align-center has-base-color has-text-color has-link-color has-large-font-size wp-elements-20bb75cbdb86636367a39eba70964328\"><a href=\"https:\/\/archers-du-roy.fr\/index.php\/calendrier\/\" data-type=\"page\" data-id=\"38\">Calendrier saison 2025-2026<\/a><\/p>\n\n\n\n<p class=\"has-text-align-center has-base-color has-text-color has-link-color has-large-font-size wp-elements-4e074f79ea2988ff26e82811d59a770d\"><a href=\"https:\/\/archers-du-roy.fr\/index.php\/accueil\/inscriptions\/\" data-type=\"page\" data-id=\"25\">Inscriptions<\/a><\/p>\n\n\n\n<p class=\"has-text-align-center has-base-color has-text-color has-link-color has-large-font-size wp-elements-ffaed11118978dbbc530e57b1d868460\"><a href=\"https:\/\/archers-du-roy.fr\/index.php\/nous-contacter\/\" data-type=\"page\" data-id=\"551\">Nous contacter<\/a><\/p>\n\n\n\n<p class=\"has-base-color has-text-color has-link-color wp-elements-93bce5c405dbd3827ae0a662cc721a35\"><\/p>\n\n\n\n<p><\/p>\n<\/div><\/div>\n<\/div>\n<\/div>\n<\/div>\n\n\n\n<h2 class=\"wp-block-heading alignwide\"><\/h2>\n\n\n\n<p><\/p>\n\n\n\n<figure class=\"wp-block-table alignwide is-style-stripes has-medium-font-size\"><table><tbody><tr><td>Lundi 25 Ao\u00fbt 2025<\/td><td class=\"has-text-align-left\" data-align=\"left\"><strong>D\u00e9but de saison &#8211; Archers confirm\u00e9s<\/strong><\/td><\/tr><tr><td>Samedi 06 Sept.<\/td><td class=\"has-text-align-left\" data-align=\"left\"><strong>Journ\u00e9e des sports et des associations<br><\/strong>Gymnase Cordier &#8211; de 10h \u00e0 16h<\/td><\/tr><tr><td>Mercredi 10 Septembre<br>Vendredi 12 Septembre<\/td><td class=\"has-text-align-left\" data-align=\"left\"><strong>Reprises des cours D\u00e9butants<\/strong><\/td><\/tr><tr><td>Dimanche 16 Nov.<\/td><td class=\"has-text-align-left\" data-align=\"left\"><strong>Stage Mat\u00e9riel n\u00b01 &#8211; <\/strong><strong>R\u00e9glage de l&rsquo;arc<\/strong><br>(r\u00e9serv\u00e9 aux adh\u00e9rents)<\/td><\/tr><tr><td>Dimanche 30 Nov.<\/td><td class=\"has-text-align-left\" data-align=\"left\"><strong>Stage Mat\u00e9riel n\u00b02 &#8211; <\/strong><strong>Mise en pratique du stage n\u00b01 et r\u00e9paration corde\/tranche fil\/fl\u00e8ches<\/strong><br>(r\u00e9serv\u00e9 aux adh\u00e9rents)<\/td><\/tr><tr><td>Vendredi 12 D\u00e9cembre <\/td><td class=\"has-text-align-left\" data-align=\"left\"><strong>Tirs compt\u00e9s en \u00e9quipe<\/strong><\/td><\/tr><tr><td>Samedi 10 Janvier 2026<\/td><td class=\"has-text-align-left\" data-align=\"left\"><strong>Assembl\u00e9e G\u00e9n\u00e9rale Ordinaire<\/strong><br>Salle Les P\u00e9rouses &#8211; 10h-12h<\/td><\/tr><tr><td>Dimanche 1er F\u00e9v.<\/td><td class=\"has-text-align-left\" data-align=\"left\"><strong>Stage Vis\u00e9e<\/strong> (r\u00e9serv\u00e9 aux adh\u00e9rents)<\/td><\/tr><tr><td>Vendredi 6 Mars<\/td><td class=\"has-text-align-left\" data-align=\"left\"><strong>Journ\u00e9e des droits des femmes<\/strong><br>S\u00e9ance d\u00e9couverte gratuite<\/td><\/tr><tr><td>Dimanche 15 Mars<\/td><td class=\"has-text-align-left\" data-align=\"left\"><strong>S\u00e9ance d\u00e9couverte des diff\u00e9rents pratiques du tir \u00e0 l&rsquo;arc<\/strong><br>9h-12h<\/td><\/tr><tr><td>Mercredi 1er Avril<br>Vendredi 3 Avril<br>Mercredi 22 Avril<br>Vendredi 25 Avril<\/td><td class=\"has-text-align-left\" data-align=\"left\"><strong>Passages de fl\u00e8ches<\/strong> &#8211; 10m, 15m et 20m<\/td><\/tr><tr><td>Mercredi 27 Mai<br>Vendredi 29 Mai<\/td><td class=\"has-text-align-left\" data-align=\"left\"><strong>Passages de fl\u00e8ches<\/strong> &#8211; 10m, 15m et 20m<\/td><\/tr><tr><td>Jeudi 28 Mai<br>Jeudi 11 Juin <\/td><td class=\"has-text-align-left\" data-align=\"left\"><strong>Passages de fl\u00e8ches<\/strong> &#8211; 25m et 30m<\/td><\/tr><tr><td>Dimanche 14 Juin<\/td><td class=\"has-text-align-left\" data-align=\"left\"><strong>Comp\u00e9tition interne<\/strong> &#8211; 9h-12h<\/td><\/tr><tr><td>Vendredi 19 Juin<\/td><td class=\"has-text-align-left\" data-align=\"left\"><strong>Fin des cours D\u00e9butants<\/strong><\/td><\/tr><tr><td>Dimanche 21 Juin <\/td><td class=\"has-text-align-left\" data-align=\"left\"><strong>Repas de fin de saison<\/strong> &#8211; Terrain ext\u00e9rieur Ch\u00e2teau-Gaillard<\/td><\/tr><tr><td>Samedi 27 Juin<\/td><td class=\"has-text-align-left\" data-align=\"left\"><strong>Manifestation L&rsquo;Espace d&rsquo;un Et\u00e9<\/strong><\/td><\/tr><\/tbody><\/table><\/figure>\n\n\n\n<p class=\"is-style-text-display has-medium-font-size is-style-text-display--1\"><\/p>\n\n\n\n<p><\/p>\n","protected":false},"excerpt":{"rendered":"<p>Accueil Entrainements Calendrier saison 2025-2026 Inscriptions Nous contacter Lundi 25 Ao\u00fbt 2025 D\u00e9but de saison &#8211; Archers confirm\u00e9s Samedi 06 Sept. Journ\u00e9e des sports et des associationsGymnase Cordier &#8211; de 10h \u00e0 16h Mercredi 10 SeptembreVendredi 12 Septembre Reprises des cours D\u00e9butants Dimanche 16 Nov. Stage Mat\u00e9riel n\u00b01 &#8211; R\u00e9glage de l&rsquo;arc(r\u00e9serv\u00e9 aux adh\u00e9rents) Dimanche [&hellip;]<\/p>\n","protected":false},"author":1,"featured_media":455,"parent":0,"menu_order":0,"comment_status":"closed","ping_status":"closed","template":"","meta":{"footnotes":""},"class_list":["post-38","page","type-page","status-publish","has-post-thumbnail","hentry"],"_links":{"self":[{"href":"https:\/\/archers-du-roy.fr\/index.php\/wp-json\/wp\/v2\/pages\/38","targetHints":{"allow":["GET"]}}],"collection":[{"href":"https:\/\/archers-du-roy.fr\/index.php\/wp-json\/wp\/v2\/pages"}],"about":[{"href":"https:\/\/archers-du-roy.fr\/index.php\/wp-json\/wp\/v2\/types\/page"}],"author":[{"embeddable":true,"href":"https:\/\/archers-du-roy.fr\/index.php\/wp-json\/wp\/v2\/users\/1"}],"replies":[{"embeddable":true,"href":"https:\/\/archers-du-roy.fr\/index.php\/wp-json\/wp\/v2\/comments?post=38"}],"version-history":[{"count":15,"href":"https:\/\/archers-du-roy.fr\/index.php\/wp-json\/wp\/v2\/pages\/38\/revisions"}],"predecessor-version":[{"id":679,"href":"https:\/\/archers-du-roy.fr\/index.php\/wp-json\/wp\/v2\/pages\/38\/revisions\/679"}],"wp:featuredmedia":[{"embeddable":true,"href":"https:\/\/archers-du-roy.fr\/index.php\/wp-json\/wp\/v2\/media\/455"}],"wp:attachment":[{"href":"https:\/\/archers-du-roy.fr\/index.php\/wp-json\/wp\/v2\/media?parent=38"}],"curies":[{"name":"wp","href":"https:\/\/api.w.org\/{rel}","templated":true}]}}