{"id":25,"date":"2025-05-18T18:02:08","date_gmt":"2025-05-18T16:02:08","guid":{"rendered":"http:\/\/archer-du-roy.local\/?page_id=25"},"modified":"2025-08-12T22:06:45","modified_gmt":"2025-08-12T20:06:45","slug":"inscriptions","status":"publish","type":"page","link":"https:\/\/archers-du-roy.fr\/index.php\/inscriptions\/","title":{"rendered":"Inscriptions"},"content":{"rendered":"\n<p><br><br><\/p>\n\n\n\n<p><\/p>\n\n\n\n<div class=\"wp-block-group alignwide is-vertical is-content-justification-left is-nowrap is-layout-flex wp-container-core-group-is-layout-dd4356b9 wp-block-group-is-layout-flex\" style=\"padding-top:var(--wp--preset--spacing--10);padding-right:var(--wp--preset--spacing--20);padding-bottom:var(--wp--preset--spacing--10);padding-left:var(--wp--preset--spacing--20)\">\n<div class=\"wp-block-group is-content-justification-center is-nowrap is-layout-flex wp-container-core-group-is-layout-ff976b70 wp-block-group-is-layout-flex\">\n<figure class=\"wp-block-image size-full\"><img loading=\"lazy\" decoding=\"async\" width=\"90\" height=\"68\" src=\"https:\/\/archers-du-roy.fr\/wp-content\/uploads\/2025\/07\/icon_cible2.jpg\" alt=\"\" class=\"wp-image-432\"\/><\/figure>\n\n\n\n<div class=\"wp-block-group wp-container-content-9cfa9a5a has-global-padding is-layout-constrained wp-container-core-group-is-layout-650790e1 wp-block-group-is-layout-constrained\">\n<h3 class=\"wp-block-heading alignfull has-text-align-left has-xx-large-font-size\">Tarifs<img decoding=\"async\" class=\"wp-image-27\" style=\"width: 90px\" src=\"http:\/\/archer-du-roy.local\/wp-content\/uploads\/2025\/05\/icon_cible2.jpg\" alt=\"\"><\/h3>\n\n\n\n<h2 class=\"wp-block-heading\"><\/h2>\n<\/div>\n<\/div>\n\n\n\n<h2 class=\"wp-block-heading\"><\/h2>\n\n\n\n<figure class=\"wp-block-table is-style-regular has-large-font-size\"><table class=\"has-fixed-layout\"><tbody><tr><td><strong><mark style=\"background-color:rgba(0, 0, 0, 0);color:#56beec\" class=\"has-inline-color\">Adultes ( \u00e0 partir de 21 ans)<\/mark><\/strong><br><br>Cotisation au club<br><br>Licence FFTA<br>      &#8211; Pratique Club<br>      &#8211; Comp\u00e9titions<\/td><td class=\"has-text-align-right\" data-align=\"right\"><br><br>90,00\u20ac<br><br><br>66,00\u20ac<br>74,00\u20ac<\/td><\/tr><tr><td><strong><mark style=\"background-color:rgba(0, 0, 0, 0);color:#56beec\" class=\"has-inline-color\">Jeunes (12 \u00e0 20 ans)<\/mark><\/strong><br><br>Cotisation au club<br><br>Licence FFTA<br>      &#8211; Poussin (U11)<br>      &#8211; Jeune (U12 \u00e0 U21)<\/td><td class=\"has-text-align-right\" data-align=\"right\"><br><br>70,00\u20ac<br><br><br>38,00\u20ac<br>47,00\u20ac<\/td><\/tr><tr><td><strong><mark style=\"background-color:rgba(0, 0, 0, 0);color:#56beec\" class=\"has-inline-color\">R\u00e9ductions <\/mark><\/strong><br>      &#8211; Famille \u00e0 partir de 2 personnes<br>      &#8211; Parainage<br>     &#8211; Pass R\u00e9gion S\u00e9niors<\/td><td class=\"has-text-align-right\" data-align=\"right\">R\u00e9duction -10%<\/td><\/tr><tr><td>Passeport sportif (comp\u00e9titions) &#8211; Facultatif<\/td><td class=\"has-text-align-right\" data-align=\"right\">5,00\u20ac<\/td><\/tr><\/tbody><\/table><\/figure>\n\n\n\n<div style=\"height:17px;width:0px\" aria-hidden=\"true\" class=\"wp-block-spacer wp-container-content-9760934e\"><\/div>\n\n\n\n<h2 class=\"wp-block-heading\"><\/h2>\n\n\n\n<p><\/p>\n\n\n\n<h2 class=\"wp-block-heading\"><mark style=\"background-color:rgba(0, 0, 0, 0)\" class=\"has-inline-color has-contrast-color\">Tenue<\/mark><\/h2>\n\n\n\n<figure class=\"wp-block-table is-style-regular\"><table class=\"has-fixed-layout\"><tbody><tr><td>Maillot pour l&rsquo;entrainement<\/td><td class=\"has-text-align-right\" data-align=\"right\">10,00\u20ac<\/td><\/tr><tr><td>Tenue comp\u00e9tition <br>      &#8211; Maillot<br>      &#8211; Pantalon noir<br>      &#8211; Polo<\/td><td class=\"has-text-align-right\" data-align=\"right\"><br>25,00\u20ac<br>32,00\u20ac<br>27,00\u20ac<\/td><\/tr><\/tbody><\/table><\/figure>\n\n\n\n<p class=\"has-large-font-size\"><br>Une\u00a0<mark style=\"background-color:rgba(0, 0, 0, 0)\" class=\"has-inline-color has-accent-3-color\"><strong>paire de basket propre \u00e0 semelles blanches<\/strong> <strong>uniquement <\/strong><\/mark><strong><mark style=\"background-color:rgba(0, 0, 0, 0)\" class=\"has-inline-color has-accent-3-color\">pour le gymnase<\/mark><\/strong>, et apport\u00e9e dans un sac, est\u00a0<mark style=\"background-color:rgba(0, 0, 0, 0)\" class=\"has-inline-color has-accent-3-color\"><strong>obligatoire<\/strong>.<\/mark><\/p>\n\n\n\n<p><\/p>\n\n\n\n<p><\/p>\n\n\n\n<h2 class=\"wp-block-heading\">Documents<\/h2>\n\n\n\n<ul class=\"wp-block-list\">\n<li>A demander par mail \u00e0 <strong><mark style=\"background-color:rgba(0, 0, 0, 0);color:#700ef2\" class=\"has-inline-color\">secretaire@archers-du-roy.fr<\/mark><\/strong><\/li>\n\n\n\n<li>Ou au gymnase pendant une s\u00e9ance d&rsquo;entrainement.<\/li>\n<\/ul>\n\n\n\n<h2 class=\"wp-block-heading\"><\/h2>\n\n\n\n<div style=\"height:0px\" aria-hidden=\"true\" class=\"wp-block-spacer wp-container-content-fd0eeb70\"><\/div>\n\n\n\n<h2 class=\"wp-block-heading\">Mat\u00e9riel<\/h2>\n\n\n\n<ul class=\"wp-block-list\">\n<li>Pr\u00eat du mat\u00e9riel (arc, viseur, fl\u00e8ches, palette\u2026) pour les d\u00e9butants :<strong>&nbsp;<mark style=\"background-color:rgba(0, 0, 0, 0)\" class=\"has-inline-color has-accent-3-color\">2 saisons maximum<\/mark><\/strong><\/li>\n<\/ul>\n\n\n\n<div style=\"height:0px\" aria-hidden=\"true\" class=\"wp-block-spacer wp-container-content-fd0eeb70\"><\/div>\n\n\n\n<h2 class=\"wp-block-heading\">Paiements<\/h2>\n\n\n\n<ul class=\"wp-block-list\">\n<li>Ch\u00e8ques, Virements, Carte Jeune, Pass R\u00e9gion et Pass Sport accept\u00e9s.<\/li>\n<\/ul>\n<\/div>\n\n\n\n<div class=\"wp-block-group alignfull has-global-padding is-layout-constrained wp-container-core-group-is-layout-d89aad35 wp-block-group-is-layout-constrained\" style=\"margin-top:0;margin-bottom:0;padding-top:var(--wp--preset--spacing--50);padding-right:var(--wp--preset--spacing--50);padding-bottom:var(--wp--preset--spacing--50);padding-left:var(--wp--preset--spacing--50)\"><\/div>\n\n\n\n<p><\/p>\n","protected":false},"excerpt":{"rendered":"<p>Tarifs Adultes ( \u00e0 partir de 21 ans) Cotisation au club Licence FFTA &#8211; Pratique Club &#8211; Comp\u00e9titions 90,00\u20ac 66,00\u20ac74,00\u20ac Jeunes (12 \u00e0 20 ans) Cotisation au club Licence FFTA &#8211; Poussin (U11) &#8211; Jeune (U12 \u00e0 U21) 70,00\u20ac 38,00\u20ac47,00\u20ac R\u00e9ductions &#8211; Famille \u00e0 partir de 2 personnes &#8211; Parainage &#8211; Pass R\u00e9gion S\u00e9niors R\u00e9duction [&hellip;]<\/p>\n","protected":false},"author":1,"featured_media":0,"parent":0,"menu_order":2,"comment_status":"closed","ping_status":"closed","template":"","meta":{"footnotes":""},"class_list":["post-25","page","type-page","status-publish","hentry"],"_links":{"self":[{"href":"https:\/\/archers-du-roy.fr\/index.php\/wp-json\/wp\/v2\/pages\/25","targetHints":{"allow":["GET"]}}],"collection":[{"href":"https:\/\/archers-du-roy.fr\/index.php\/wp-json\/wp\/v2\/pages"}],"about":[{"href":"https:\/\/archers-du-roy.fr\/index.php\/wp-json\/wp\/v2\/types\/page"}],"author":[{"embeddable":true,"href":"https:\/\/archers-du-roy.fr\/index.php\/wp-json\/wp\/v2\/users\/1"}],"replies":[{"embeddable":true,"href":"https:\/\/archers-du-roy.fr\/index.php\/wp-json\/wp\/v2\/comments?post=25"}],"version-history":[{"count":14,"href":"https:\/\/archers-du-roy.fr\/index.php\/wp-json\/wp\/v2\/pages\/25\/revisions"}],"predecessor-version":[{"id":579,"href":"https:\/\/archers-du-roy.fr\/index.php\/wp-json\/wp\/v2\/pages\/25\/revisions\/579"}],"wp:attachment":[{"href":"https:\/\/archers-du-roy.fr\/index.php\/wp-json\/wp\/v2\/media?parent=25"}],"curies":[{"name":"wp","href":"https:\/\/api.w.org\/{rel}","templated":true}]}}